{"id":2104,"date":"2025-05-05T08:32:15","date_gmt":"2025-05-05T08:32:15","guid":{"rendered":"https:\/\/vozesemacao.com\/espanol\/?page_id=2104"},"modified":"2025-05-16T03:13:19","modified_gmt":"2025-05-16T03:13:19","slug":"fazer-login","status":"publish","type":"page","link":"https:\/\/vozesemacao.com\/espanol\/fazer-login\/","title":{"rendered":"Acceso"},"content":{"rendered":"\t\t<div data-elementor-type=\"wp-page\" data-elementor-id=\"2104\" class=\"elementor elementor-2104\" data-elementor-post-type=\"page\">\n\t\t\t\t<div class=\"elementor-element elementor-element-d5f0bc9 e-flex e-con-boxed e-con e-parent\" data-id=\"d5f0bc9\" data-element_type=\"container\" data-e-type=\"container\" data-settings=\"{&quot;background_background&quot;:&quot;classic&quot;}\">\n\t\t\t\t\t<div class=\"e-con-inner\">\n\t\t\t\t<div class=\"elementor-element elementor-element-80b2557 elementor-align-center elementor-icon-list--layout-traditional elementor-list-item-link-full_width elementor-widget elementor-widget-icon-list\" data-id=\"80b2557\" data-element_type=\"widget\" data-e-type=\"widget\" data-widget_type=\"icon-list.default\">\n\t\t\t\t\t\t\t<ul class=\"elementor-icon-list-items\">\n\t\t\t\t\t\t\t<li class=\"elementor-icon-list-item\">\n\t\t\t\t\t\t\t\t\t\t\t<span class=\"elementor-icon-list-icon\">\n\t\t\t\t\t\t\t<i aria-hidden=\"true\" class=\"fas fa-lock\"><\/i>\t\t\t\t\t\t<\/span>\n\t\t\t\t\t\t\t\t\t\t<span class=\"elementor-icon-list-text\">Bienvenido a nuestro panel<\/span>\n\t\t\t\t\t\t\t\t\t<\/li>\n\t\t\t\t\t\t<\/ul>\n\t\t\t\t\t\t<\/div>\n\t\t\t\t<div class=\"elementor-element elementor-element-c7d0732 elementor-widget elementor-widget-heading\" data-id=\"c7d0732\" data-element_type=\"widget\" data-e-type=\"widget\" data-widget_type=\"heading.default\">\n\t\t\t\t\t<h2 class=\"elementor-heading-title elementor-size-default\">\u00bfYa eres estudiante? Inicia sesi\u00f3n\n<\/h2>\t\t\t\t<\/div>\n\t\t\t\t<div class=\"elementor-element elementor-element-fffde97 elementor-widget elementor-widget-heading\" data-id=\"fffde97\" data-element_type=\"widget\" data-e-type=\"widget\" data-widget_type=\"heading.default\">\n\t\t\t\t\t<p class=\"elementor-heading-title elementor-size-default\">\u00a1Inicia sesi\u00f3n ahora!\n<\/p>\t\t\t\t<\/div>\n\t\t\t\t\t<\/div>\n\t\t\t\t<\/div>\n\t\t<div class=\"elementor-element elementor-element-47995d3 e-flex e-con-boxed e-con e-parent\" data-id=\"47995d3\" data-element_type=\"container\" data-e-type=\"container\">\n\t\t\t\t\t<div class=\"e-con-inner\">\n\t\t<div class=\"elementor-element elementor-element-8937cdf e-con-full e-flex e-con e-child\" data-id=\"8937cdf\" data-element_type=\"container\" data-e-type=\"container\">\n\t\t\t\t<\/div>\n\t\t<div class=\"elementor-element elementor-element-5a78161 e-con-full e-flex e-con e-child\" data-id=\"5a78161\" data-element_type=\"container\" data-e-type=\"container\">\n\t\t\t\t<div class=\"elementor-element elementor-element-0b628eb elementor-widget elementor-widget-jet-login\" data-id=\"0b628eb\" data-element_type=\"widget\" data-e-type=\"widget\" data-widget_type=\"jet-login.default\">\n\t\t\t\t<div class=\"elementor-widget-container\">\n\t\t\t\t\t<div class=\"elementor-jet-login jet-blocks\"><div class=\"jet-login\"><form name=\"loginform\" id=\"loginform\"  method=\"post\"><p class=\"login-username\">\n\t\t\t\t<label for=\"user_login\">Usuario<\/label>\n\t\t\t\t<input type=\"text\" name=\"log\" id=\"user_login\" placeholder=\"\" autocomplete=\"username\" class=\"input\" value=\"\" size=\"20\" \/>\n\t\t\t<\/p><p class=\"login-password\">\n\t\t\t\t<label for=\"user_pass\">Contrase\u00f1a<\/label>\n\t\t\t\t<p class=\"login-password__wrapper\"><input type=\"password\" name=\"pwd\" id=\"user_pass\" placeholder=\"\" autocomplete=\"current-password\" spellcheck=\"false\" class=\"input\" value=\"\" size=\"20\" \/>\n\t\t\t<svg xmlns=\"http:\/\/www.w3.org\/2000\/svg\" aria-hidden=\"true\" class=\"e-font-icon-svg e-far-eye password-visibility__icon password-visibility__icon--show show\" viewBox=\"0 0 576 512\">\n\t\t\t\t<path d=\"M288 144a110.94 110.94 0 0 0-31.24 5 55.4 55.4 0 0 1 7.24 27 56 56 0 0 1-56 56 55.4 55.4 0 0 1-27-7.24A111.71 111.71 0 1 0 288 144zm284.52 97.4C518.29 135.59 410.93 64 288 64S57.68 135.64 3.48 241.41a32.35 32.35 0 0 0 0 29.19C57.71 376.41 165.07 448 288 448s230.32-71.64 284.52-177.41a32.35 32.35 0 0 0 0-29.19zM288 400c-98.65 0-189.09-55-237.93-144C98.91 167 189.34 112 288 112s189.09 55 237.93 144C477.1 345 386.66 400 288 400z\"><\/path>\n\t\t\t<\/svg>\n\t\t\t<svg xmlns=\"http:\/\/www.w3.org\/2000\/svg\" aria-hidden=\"true\" class=\"e-font-icon-svg e-far-eye-slash password-visibility__icon password-visibility__icon--hide\" viewBox=\"0 0 640 512\">\n\t\t\t\t<path d=\"M634 471L36 3.51A16 16 0 0 0 13.51 6l-10 12.49A16 16 0 0 0 6 41l598 467.49a16 16 0 0 0 22.49-2.49l10-12.49A16 16 0 0 0 634 471zM296.79 146.47l134.79 105.38C429.36 191.91 380.48 144 320 144a112.26 112.26 0 0 0-23.21 2.47zm46.42 219.07L208.42 260.16C210.65 320.09 259.53 368 320 368a113 113 0 0 0 23.21-2.46zM320 112c98.65 0 189.09 55 237.93 144a285.53 285.53 0 0 1-44 60.2l37.74 29.5a333.7 333.7 0 0 0 52.9-75.11 32.35 32.35 0 0 0 0-29.19C550.29 135.59 442.93 64 320 64c-36.7 0-71.71 7-104.63 18.81l46.41 36.29c18.94-4.3 38.34-7.1 58.22-7.1zm0 288c-98.65 0-189.08-55-237.93-144a285.47 285.47 0 0 1 44.05-60.19l-37.74-29.5a333.6 333.6 0 0 0-52.89 75.1 32.35 32.35 0 0 0 0 29.19C89.72 376.41 197.08 448 320 448c36.7 0 71.71-7.05 104.63-18.81l-46.41-36.28C359.28 397.2 339.89 400 320 400z\"><\/path>\n\t\t\t<\/svg><\/p>\n\t\t\t<\/p><p class=\"login-remember\"><label><input name=\"rememberme\" type=\"checkbox\" id=\"rememberme\" value=\"forever\" \/> Recordar Contrase\u00f1a<\/label><\/p><p class=\"login-submit\">\n\t\t\t\t<input type=\"submit\" name=\"wp-submit\" id=\"wp-submit\" class=\"button button-primary\" value=\"Acceso\" \/>\n\t\t\t\t<input type=\"hidden\" name=\"redirect_to\" value=\"https:\/\/vozesemacao.com\/espanol\/\" \/>\n\t\t\t<\/p><input type=\"hidden\" name=\"jet_login\" value=\"1\"><\/form><\/div><\/div>\t\t\t\t<\/div>\n\t\t\t\t<\/div>\n\t\t\t\t<div class=\"elementor-element elementor-element-16fccc4 elementor-align-center elementor-icon-list--layout-traditional elementor-list-item-link-full_width elementor-widget elementor-widget-icon-list\" data-id=\"16fccc4\" data-element_type=\"widget\" data-e-type=\"widget\" data-widget_type=\"icon-list.default\">\n\t\t\t\t\t\t\t<ul class=\"elementor-icon-list-items\">\n\t\t\t\t\t\t\t<li class=\"elementor-icon-list-item\">\n\t\t\t\t\t\t\t\t\t\t\t<a href=\"https:\/\/vozesemacao.com\/espanol\/dashboard\/\">\n\n\t\t\t\t\t\t\t\t\t\t\t\t<span class=\"elementor-icon-list-icon\">\n\t\t\t\t\t\t\t<i aria-hidden=\"true\" class=\"fas fa-lock\"><\/i>\t\t\t\t\t\t<\/span>\n\t\t\t\t\t\t\t\t\t\t<span class=\"elementor-icon-list-text\">Reg\u00edstrate ahora!<\/span>\n\t\t\t\t\t\t\t\t\t\t\t<\/a>\n\t\t\t\t\t\t\t\t\t<\/li>\n\t\t\t\t\t\t<\/ul>\n\t\t\t\t\t\t<\/div>\n\t\t\t\t<div class=\"elementor-element elementor-element-e98046e elementor-align-center elementor-widget elementor-widget-button\" data-id=\"e98046e\" data-element_type=\"widget\" data-e-type=\"widget\" data-widget_type=\"button.default\">\n\t\t\t\t\t\t\t\t\t\t<a class=\"elementor-button elementor-button-link elementor-size-sm\" href=\"https:\/\/vozesemacao.com\/espanol\/\">\n\t\t\t\t\t\t<span class=\"elementor-button-content-wrapper\">\n\t\t\t\t\t\t<span class=\"elementor-button-icon\">\n\t\t\t\t<i aria-hidden=\"true\" class=\"far fa-check-circle\"><\/i>\t\t\t<\/span>\n\t\t\t\t\t\t\t\t\t<span class=\"elementor-button-text\">Volver al sitio web<\/span>\n\t\t\t\t\t<\/span>\n\t\t\t\t\t<\/a>\n\t\t\t\t\t\t\t\t<\/div>\n\t\t\t\t<div class=\"elementor-element elementor-element-39ccf71 elementor-widget elementor-widget-spacer\" data-id=\"39ccf71\" data-element_type=\"widget\" data-e-type=\"widget\" data-widget_type=\"spacer.default\">\n\t\t\t\t\t\t\t<div class=\"elementor-spacer\">\n\t\t\t<div class=\"elementor-spacer-inner\"><\/div>\n\t\t<\/div>\n\t\t\t\t\t\t<\/div>\n\t\t\t\t<\/div>\n\t\t<div class=\"elementor-element elementor-element-6f22273 e-con-full e-flex e-con e-child\" data-id=\"6f22273\" data-element_type=\"container\" data-e-type=\"container\">\n\t\t\t\t<\/div>\n\t\t\t\t\t<\/div>\n\t\t\t\t<\/div>\n\t\t\t\t<\/div>\n\t\t","protected":false},"excerpt":{"rendered":"<p>Bienvenido a nuestro panel \u00bfYa eres estudiante? Inicia sesi\u00f3n \u00a1Inicia sesi\u00f3n ahora! Usuario Contrase\u00f1a Recordar Contrase\u00f1a Reg\u00edstrate ahora! Volver al sitio web<\/p>\n","protected":false},"author":1,"featured_media":0,"parent":0,"menu_order":0,"comment_status":"closed","ping_status":"closed","template":"","meta":{"footnotes":""},"class_list":["post-2104","page","type-page","status-publish","hentry"],"_links":{"self":[{"href":"https:\/\/vozesemacao.com\/espanol\/wp-json\/wp\/v2\/pages\/2104","targetHints":{"allow":["GET"]}}],"collection":[{"href":"https:\/\/vozesemacao.com\/espanol\/wp-json\/wp\/v2\/pages"}],"about":[{"href":"https:\/\/vozesemacao.com\/espanol\/wp-json\/wp\/v2\/types\/page"}],"author":[{"embeddable":true,"href":"https:\/\/vozesemacao.com\/espanol\/wp-json\/wp\/v2\/users\/1"}],"replies":[{"embeddable":true,"href":"https:\/\/vozesemacao.com\/espanol\/wp-json\/wp\/v2\/comments?post=2104"}],"version-history":[{"count":29,"href":"https:\/\/vozesemacao.com\/espanol\/wp-json\/wp\/v2\/pages\/2104\/revisions"}],"predecessor-version":[{"id":2472,"href":"https:\/\/vozesemacao.com\/espanol\/wp-json\/wp\/v2\/pages\/2104\/revisions\/2472"}],"wp:attachment":[{"href":"https:\/\/vozesemacao.com\/espanol\/wp-json\/wp\/v2\/media?parent=2104"}],"curies":[{"name":"wp","href":"https:\/\/api.w.org\/{rel}","templated":true}]}}